{"id":106,"date":"2026-02-19T17:24:37","date_gmt":"2026-02-19T16:24:37","guid":{"rendered":"http:\/\/127.0.0.1\/www.sentire.biz\/?page_id=106"},"modified":"2026-03-13T10:31:16","modified_gmt":"2026-03-13T09:31:16","slug":"chi-siamo","status":"publish","type":"page","link":"https:\/\/staging.crmcosmo.com\/sentire\/index.php\/chi-siamo\/","title":{"rendered":"Chi Siamo"},"content":{"rendered":"\n<div class=\"container-fluid block-blocco-testo shape-regular mt-5 mb-5 position-relative\"\n    id=\"blocco-testo\">\n        <div class=\"row align-items-center justify-content-center\">\n        <div\n            class=\"col-12 col-lg-8 text-center\">\n                                        <h1 class=\"mb-5\">SENTIRE \u2013 da oltre 20 Anni il Tuo Centro Acustico a Matera e Potenza<\/h1>\n                        <p><span lang=\"it-IT\">Sentire nasce oltre vent\u2019anni fa come <strong>centro acustico a Matera e Potenza<\/strong>, con l\u2019obiettivo di offrire soluzioni professionali e personalizzate per chi desidera migliorare la qualit\u00e0 dell\u2019ascolto. In oltre due decenni di attivit\u00e0 abbiamo accompagnato centinaia di persone in percorsi diversi tra loro, costruendo un\u2019esperienza solida che oggi rappresenta il nostro principale punto di forza. Ogni perdita uditiva ha caratteristiche specifiche, e ogni persona vive l\u2019ascolto in modo unico. \u00c8 da questa consapevolezza che parte il nostro lavoro.<\/span><\/p>\n                    <\/div>\n    <\/div>\n    <\/div>\n\n\n    <div class=\"text-indent py-80 mw-80 m-auto container-fluid\">\n        <div class=\"row d-none d-xl-flex align-items-stretch\">\n                            <div class=\"col-12 col-xl-6 align-self-center\">\n                    <div class=\"testo testo-sx bg-custom-color text-white ps my-80\">\n                        <h2 class=\"block-title\">Un Centro Acustico Radicato nel Territorio<\/h2>\n                        <p data-start=\"1247\" data-end=\"1450\">Essere presenti stabilmente a Matera e Potenza significa conoscere le esigenze del territorio e offrire un punto di riferimento affidabile per chi cerca un <strong data-start=\"1403\" data-end=\"1422\">centro acustico<\/strong> con esperienza consolidata.<\/p>\n<p data-start=\"1452\" data-end=\"1560\">Ogni persona viene seguita con attenzione, dalla prima valutazione dell\u2019udito fino all\u2019assistenza nel tempo.<\/p>\n                                                    <div class=\"box-button mt-5\">\n                                <a href=\"https:\/\/staging.crmcosmo.com\/sentire\/index.php\/servizi\/\" class=\"btn btn-default\" target=\"\">Servizi del Centro Acustico<\/a>\n                            <\/div>\n                                            <\/div>\n                <\/div>\n                <div class=\"col-12 col-xl-6\">\n                    <div class=\"img-block-image h-100\" style=\"background-image:url('https:\/\/staging.crmcosmo.com\/sentire\/wp-content\/uploads\/2026\/02\/centro-acustico-territorio-matera-potenza.jpg')\">\n                    <\/div>\n                <\/div>\n                    <\/div>\n        <div class=\"row d-xl-none \">\n                <div class=\"col-12\">\n                    <div class=\"img-block-image\">\n                        <img loading=\"lazy\" decoding=\"async\" width=\"902\" height=\"600\" src=\"https:\/\/staging.crmcosmo.com\/sentire\/wp-content\/uploads\/2026\/02\/centro-acustico-territorio-matera-potenza.jpg\" class=\"img-fluid\" alt=\"\" srcset=\"https:\/\/staging.crmcosmo.com\/sentire\/wp-content\/uploads\/2026\/02\/centro-acustico-territorio-matera-potenza.jpg 902w, https:\/\/staging.crmcosmo.com\/sentire\/wp-content\/uploads\/2026\/02\/centro-acustico-territorio-matera-potenza-300x200.jpg 300w, https:\/\/staging.crmcosmo.com\/sentire\/wp-content\/uploads\/2026\/02\/centro-acustico-territorio-matera-potenza-768x511.jpg 768w\" sizes=\"auto, (max-width: 902px) 100vw, 902px\" \/>                    <\/div>\n                <\/div>\n                <div class=\"col-12\">\n                    <div class=\"testo bg-custom-color text-white ps\">\n                        <h2 class=\"block-title\">Un Centro Acustico Radicato nel Territorio<\/h2>\n                        <p data-start=\"1247\" data-end=\"1450\">Essere presenti stabilmente a Matera e Potenza significa conoscere le esigenze del territorio e offrire un punto di riferimento affidabile per chi cerca un <strong data-start=\"1403\" data-end=\"1422\">centro acustico<\/strong> con esperienza consolidata.<\/p>\n<p data-start=\"1452\" data-end=\"1560\">Ogni persona viene seguita con attenzione, dalla prima valutazione dell\u2019udito fino all\u2019assistenza nel tempo.<\/p>\n                                                    <div class=\"box-button mt-5\">\n                                <a href=\"https:\/\/staging.crmcosmo.com\/sentire\/index.php\/servizi\/\" class=\"btn btn-default\" target=\"\">Servizi del Centro Acustico<\/a>\n                            <\/div>\n                                            <\/div>\n                <\/div>\n            <\/div>\n    <\/div>\n\n\n\n<div class=\"container-fluid block-blocco-testo shape-regular bg-gradient mt-5 mb-0 position-relative\"\n    id=\"blocco-testo\">\n        <div class=\"row align-items-center justify-content-center\">\n        <div\n            class=\"col-12 col-lg-8 text-center\">\n                                        <h2 class=\"mb-5\">Il Nostro Approccio<\/h2>\n                        <p><span lang=\"it-IT\">Crediamo che migliorare l\u2019udito significhi migliorare la qualit\u00e0 della vita.<\/span><\/p>\n<p><span lang=\"it-IT\">Per questo il nostro lavoro non si limita alla scelta dell\u2019apparecchio acustico, ma parte dall\u2019ascolto delle difficolt\u00e0 quotidiane e delle aspettative personali.<\/span><\/p>\n                            <a href=\"https:\/\/staging.crmcosmo.com\/sentire\/index.php\/soluzioni\/\" class=\"btn btn-default mt-5\"\n                    target=\"\">Soluzioni Disponibili<\/a>\n                    <\/div>\n    <\/div>\n    <\/div>\n\n\n            <div class=\"img-block bg-beige container-fluid\">\n            <div class=\"row align-items-stretch\">\n                <div class=\"col-12 col-xl-6 order-2 order-xl-1 align-self-center\">\n                    <div class=\"img-block-content ps font-md\">\n                                                <h2 class=\"text-custom-color block-title\">Ascolto e comprensione<\/h2>\n                        <p><span lang=\"it-IT\">Ogni percorso inizia dall\u2019ascolto.<br \/>\nNon solo quello strumentale, ma quello umano.<\/span><\/p>\n<p><span lang=\"it-IT\">Prima di proporre qualsiasi soluzione, dedichiamo tempo alla comprensione delle difficolt\u00e0 quotidiane: le conversazioni che richiedono pi\u00f9 sforzo, i contesti rumorosi, le situazioni familiari o sociali che diventano pi\u00f9 complesse.<\/span><\/p>\n<p><span lang=\"it-IT\">L\u2019ipoacusia non \u00e8 soltanto un dato audiometrico, ma un\u2019esperienza personale che influisce sulla qualit\u00e0 delle relazioni.<\/span><\/p>\n                                            <\/div>         \n                <\/div>\n                <div class=\"col-12 col-xl-6 order-1 order-xl-2 px-0\">\n                    <div class=\"img-block-image d-none d-xl-block\" style=\"background-image:url(https:\/\/staging.crmcosmo.com\/sentire\/wp-content\/uploads\/2026\/02\/approccio-ai-problemi-di-udito-a-matera-e-potenza.jpg);\">\n                    <\/div>\n                    <div class=\"img-block-image d-xl-none\">\n                        <img loading=\"lazy\" decoding=\"async\" width=\"902\" height=\"600\" src=\"https:\/\/staging.crmcosmo.com\/sentire\/wp-content\/uploads\/2026\/02\/approccio-ai-problemi-di-udito-a-matera-e-potenza.jpg\" class=\"img-fluid\" alt=\"\" srcset=\"https:\/\/staging.crmcosmo.com\/sentire\/wp-content\/uploads\/2026\/02\/approccio-ai-problemi-di-udito-a-matera-e-potenza.jpg 902w, https:\/\/staging.crmcosmo.com\/sentire\/wp-content\/uploads\/2026\/02\/approccio-ai-problemi-di-udito-a-matera-e-potenza-300x200.jpg 300w, https:\/\/staging.crmcosmo.com\/sentire\/wp-content\/uploads\/2026\/02\/approccio-ai-problemi-di-udito-a-matera-e-potenza-768x511.jpg 768w\" sizes=\"auto, (max-width: 902px) 100vw, 902px\" \/>                    <\/div>\n                <\/div>\n            <\/div>\n        <\/div>\n    \n\n\n            <div class=\"img-block bg-beige container-fluid\">\n            <div class=\"row align-items-stretch\">\n                <div class=\"col-12 col-xl-6 px-0\">\n                    <div class=\"img-block-image d-none d-xl-block\" style=\"background-image:url(https:\/\/staging.crmcosmo.com\/sentire\/wp-content\/uploads\/2026\/03\/sentire-matera-potenza-personalizzazione-apparecchi-acustici.jpg);\">\n                    <\/div>\n                    <div class=\"img-block-image d-xl-none\">\n                        <img loading=\"lazy\" decoding=\"async\" width=\"902\" height=\"600\" src=\"https:\/\/staging.crmcosmo.com\/sentire\/wp-content\/uploads\/2026\/03\/sentire-matera-potenza-personalizzazione-apparecchi-acustici.jpg\" class=\"img-fluid\" alt=\"\" srcset=\"https:\/\/staging.crmcosmo.com\/sentire\/wp-content\/uploads\/2026\/03\/sentire-matera-potenza-personalizzazione-apparecchi-acustici.jpg 902w, https:\/\/staging.crmcosmo.com\/sentire\/wp-content\/uploads\/2026\/03\/sentire-matera-potenza-personalizzazione-apparecchi-acustici-300x200.jpg 300w, https:\/\/staging.crmcosmo.com\/sentire\/wp-content\/uploads\/2026\/03\/sentire-matera-potenza-personalizzazione-apparecchi-acustici-768x511.jpg 768w\" sizes=\"auto, (max-width: 902px) 100vw, 902px\" \/>                    <\/div>\n                <\/div>\n                <div class=\"col-12 col-xl-6 align-self-center\">\n                    <div class=\"img-block-content ps font-md\">\n                                                <h2 class=\"text-custom-color block-title\">Personalizzazione e precisione<\/h2>\n                        <p><span lang=\"it-IT\">Dopo una valutazione approfondita dell\u2019udito, individuiamo la soluzione pi\u00f9 adatta in base al profilo uditivo e allo stile di vita.<\/span><\/p>\n<p><span lang=\"it-IT\">Ogni apparecchio acustico viene regolato con attenzione e adattato progressivamente, perch\u00e9 il comfort e la chiarezza del parlato dipendono dalla precisione della calibrazione.<\/span><\/p>\n<p><span lang=\"it-IT\">La tecnologia \u00e8 uno strumento evoluto, ma diventa realmente efficace solo quando \u00e8 personalizzata con rigore e gradualit\u00e0.<\/span><\/p>\n                                            <\/div>         \n                <\/div>\n            <\/div>\n        <\/div>\n    \n\n\n            <div class=\"img-block bg-beige container-fluid\">\n            <div class=\"row align-items-stretch\">\n                <div class=\"col-12 col-xl-6 order-2 order-xl-1 align-self-center\">\n                    <div class=\"img-block-content ps font-md\">\n                                                <h2 class=\"text-custom-color block-title\">Continuit\u00e0 e accompagnamento<\/h2>\n                        <p><span lang=\"it-IT\">L\u2019applicazione dell\u2019apparecchio non rappresenta un punto di arrivo, ma l\u2019inizio di un percorso.<\/span><\/p>\n<p><span lang=\"it-IT\">L\u2019adattamento richiede tempo, controlli periodici e regolazioni che seguono l\u2019evoluzione delle esigenze.<br \/>\nPer questo garantiamo assistenza costante e presenza nel tempo, offrendo un punto di riferimento stabile a Matera e Potenza.<\/span><\/p>\n                                            <\/div>         \n                <\/div>\n                <div class=\"col-12 col-xl-6 order-1 order-xl-2 px-0\">\n                    <div class=\"img-block-image d-none d-xl-block\" style=\"background-image:url(https:\/\/staging.crmcosmo.com\/sentire\/wp-content\/uploads\/2026\/03\/sentire-matera-potenza-controlli-e-assistenza-apparecchi-acustici.jpg);\">\n                    <\/div>\n                    <div class=\"img-block-image d-xl-none\">\n                        <img loading=\"lazy\" decoding=\"async\" width=\"902\" height=\"600\" src=\"https:\/\/staging.crmcosmo.com\/sentire\/wp-content\/uploads\/2026\/03\/sentire-matera-potenza-controlli-e-assistenza-apparecchi-acustici.jpg\" class=\"img-fluid\" alt=\"\" srcset=\"https:\/\/staging.crmcosmo.com\/sentire\/wp-content\/uploads\/2026\/03\/sentire-matera-potenza-controlli-e-assistenza-apparecchi-acustici.jpg 902w, https:\/\/staging.crmcosmo.com\/sentire\/wp-content\/uploads\/2026\/03\/sentire-matera-potenza-controlli-e-assistenza-apparecchi-acustici-300x200.jpg 300w, https:\/\/staging.crmcosmo.com\/sentire\/wp-content\/uploads\/2026\/03\/sentire-matera-potenza-controlli-e-assistenza-apparecchi-acustici-768x511.jpg 768w\" sizes=\"auto, (max-width: 902px) 100vw, 902px\" \/>                    <\/div>\n                <\/div>\n            <\/div>\n        <\/div>\n    ","protected":false},"excerpt":{"rendered":"","protected":false},"author":1,"featured_media":0,"parent":0,"menu_order":0,"comment_status":"closed","ping_status":"closed","template":"","meta":{"_acf_changed":false,"footnotes":""},"class_list":["post-106","page","type-page","status-publish","hentry"],"acf":[],"yoast_head":"<!-- This site is optimized with the Yoast SEO plugin v24.6 - https:\/\/yoast.com\/wordpress\/plugins\/seo\/ -->\n<title>Chi Siamo - Sentire<\/title>\n<meta name=\"robots\" content=\"noindex, follow, max-snippet:-1, max-image-preview:large, max-video-preview:-1\" \/>\n<meta property=\"og:locale\" content=\"it_IT\" \/>\n<meta property=\"og:type\" content=\"article\" \/>\n<meta property=\"og:title\" content=\"Chi Siamo - Sentire\" \/>\n<meta property=\"og:url\" content=\"https:\/\/staging.crmcosmo.com\/sentire\/index.php\/chi-siamo\/\" \/>\n<meta property=\"og:site_name\" content=\"Sentire\" \/>\n<meta property=\"article:modified_time\" content=\"2026-03-13T09:31:16+00:00\" \/>\n<meta name=\"twitter:card\" content=\"summary_large_image\" \/>\n<script type=\"application\/ld+json\" class=\"yoast-schema-graph\">{\"@context\":\"https:\/\/schema.org\",\"@graph\":[{\"@type\":\"WebPage\",\"@id\":\"https:\/\/staging.crmcosmo.com\/sentire\/index.php\/chi-siamo\/\",\"url\":\"https:\/\/staging.crmcosmo.com\/sentire\/index.php\/chi-siamo\/\",\"name\":\"Chi Siamo - Sentire\",\"isPartOf\":{\"@id\":\"https:\/\/staging.crmcosmo.com\/sentire\/#website\"},\"datePublished\":\"2026-02-19T16:24:37+00:00\",\"dateModified\":\"2026-03-13T09:31:16+00:00\",\"breadcrumb\":{\"@id\":\"https:\/\/staging.crmcosmo.com\/sentire\/index.php\/chi-siamo\/#breadcrumb\"},\"inLanguage\":\"it-IT\",\"potentialAction\":[{\"@type\":\"ReadAction\",\"target\":[\"https:\/\/staging.crmcosmo.com\/sentire\/index.php\/chi-siamo\/\"]}]},{\"@type\":\"BreadcrumbList\",\"@id\":\"https:\/\/staging.crmcosmo.com\/sentire\/index.php\/chi-siamo\/#breadcrumb\",\"itemListElement\":[{\"@type\":\"ListItem\",\"position\":1,\"name\":\"Home\",\"item\":\"https:\/\/staging.crmcosmo.com\/sentire\/\"},{\"@type\":\"ListItem\",\"position\":2,\"name\":\"Chi Siamo\"}]},{\"@type\":\"WebSite\",\"@id\":\"https:\/\/staging.crmcosmo.com\/sentire\/#website\",\"url\":\"https:\/\/staging.crmcosmo.com\/sentire\/\",\"name\":\"Sentire\",\"description\":\"\",\"potentialAction\":[{\"@type\":\"SearchAction\",\"target\":{\"@type\":\"EntryPoint\",\"urlTemplate\":\"https:\/\/staging.crmcosmo.com\/sentire\/?s={search_term_string}\"},\"query-input\":{\"@type\":\"PropertyValueSpecification\",\"valueRequired\":true,\"valueName\":\"search_term_string\"}}],\"inLanguage\":\"it-IT\"}]}<\/script>\n<!-- \/ Yoast SEO plugin. -->","yoast_head_json":{"title":"Chi Siamo - Sentire","robots":{"index":"noindex","follow":"follow","max-snippet":"max-snippet:-1","max-image-preview":"max-image-preview:large","max-video-preview":"max-video-preview:-1"},"og_locale":"it_IT","og_type":"article","og_title":"Chi Siamo - Sentire","og_url":"https:\/\/staging.crmcosmo.com\/sentire\/index.php\/chi-siamo\/","og_site_name":"Sentire","article_modified_time":"2026-03-13T09:31:16+00:00","twitter_card":"summary_large_image","schema":{"@context":"https:\/\/schema.org","@graph":[{"@type":"WebPage","@id":"https:\/\/staging.crmcosmo.com\/sentire\/index.php\/chi-siamo\/","url":"https:\/\/staging.crmcosmo.com\/sentire\/index.php\/chi-siamo\/","name":"Chi Siamo - Sentire","isPartOf":{"@id":"https:\/\/staging.crmcosmo.com\/sentire\/#website"},"datePublished":"2026-02-19T16:24:37+00:00","dateModified":"2026-03-13T09:31:16+00:00","breadcrumb":{"@id":"https:\/\/staging.crmcosmo.com\/sentire\/index.php\/chi-siamo\/#breadcrumb"},"inLanguage":"it-IT","potentialAction":[{"@type":"ReadAction","target":["https:\/\/staging.crmcosmo.com\/sentire\/index.php\/chi-siamo\/"]}]},{"@type":"BreadcrumbList","@id":"https:\/\/staging.crmcosmo.com\/sentire\/index.php\/chi-siamo\/#breadcrumb","itemListElement":[{"@type":"ListItem","position":1,"name":"Home","item":"https:\/\/staging.crmcosmo.com\/sentire\/"},{"@type":"ListItem","position":2,"name":"Chi Siamo"}]},{"@type":"WebSite","@id":"https:\/\/staging.crmcosmo.com\/sentire\/#website","url":"https:\/\/staging.crmcosmo.com\/sentire\/","name":"Sentire","description":"","potentialAction":[{"@type":"SearchAction","target":{"@type":"EntryPoint","urlTemplate":"https:\/\/staging.crmcosmo.com\/sentire\/?s={search_term_string}"},"query-input":{"@type":"PropertyValueSpecification","valueRequired":true,"valueName":"search_term_string"}}],"inLanguage":"it-IT"}]}},"_links":{"self":[{"href":"https:\/\/staging.crmcosmo.com\/sentire\/index.php\/wp-json\/wp\/v2\/pages\/106","targetHints":{"allow":["GET"]}}],"collection":[{"href":"https:\/\/staging.crmcosmo.com\/sentire\/index.php\/wp-json\/wp\/v2\/pages"}],"about":[{"href":"https:\/\/staging.crmcosmo.com\/sentire\/index.php\/wp-json\/wp\/v2\/types\/page"}],"author":[{"embeddable":true,"href":"https:\/\/staging.crmcosmo.com\/sentire\/index.php\/wp-json\/wp\/v2\/users\/1"}],"replies":[{"embeddable":true,"href":"https:\/\/staging.crmcosmo.com\/sentire\/index.php\/wp-json\/wp\/v2\/comments?post=106"}],"version-history":[{"count":18,"href":"https:\/\/staging.crmcosmo.com\/sentire\/index.php\/wp-json\/wp\/v2\/pages\/106\/revisions"}],"predecessor-version":[{"id":302,"href":"https:\/\/staging.crmcosmo.com\/sentire\/index.php\/wp-json\/wp\/v2\/pages\/106\/revisions\/302"}],"wp:attachment":[{"href":"https:\/\/staging.crmcosmo.com\/sentire\/index.php\/wp-json\/wp\/v2\/media?parent=106"}],"curies":[{"name":"wp","href":"https:\/\/api.w.org\/{rel}","templated":true}]}}